{"id":1138,"date":"2016-01-22T09:07:19","date_gmt":"2016-01-22T08:07:19","guid":{"rendered":"http:\/\/2015.gabisenn.ch\/?page_id=1138"},"modified":"2023-09-22T14:52:55","modified_gmt":"2023-09-22T12:52:55","slug":"agb-2","status":"publish","type":"page","link":"https:\/\/gabisenn.ch\/en\/agb-2\/","title":{"rendered":"AGB"},"content":{"rendered":"\n<style type=\"text\/css\" data-created_by=\"avia_inline_auto\" id=\"style-css-av-454ohe-e23e598b71783bb5d34e392c9e3d767c\">\n.flex_column.av-454ohe-e23e598b71783bb5d34e392c9e3d767c{\nborder-radius:0px 0px 0px 0px;\npadding:0px 0px 0px 0px;\n}\n<\/style>\n<div class='flex_column av-454ohe-e23e598b71783bb5d34e392c9e3d767c av_one_full avia-builder-el-0 avia-builder-el-no-sibling first flex_column_div av-zero-column-padding ' ><p>\n<style type=\"text\/css\" data-created_by=\"avia_inline_auto\" id=\"style-css-av-280oky-bc4e0d5bae1979482cd56ec1f02c62ea\">\n#top .av-special-heading.av-280oky-bc4e0d5bae1979482cd56ec1f02c62ea{\npadding-bottom:10px;\n}\nbody .av-special-heading.av-280oky-bc4e0d5bae1979482cd56ec1f02c62ea .av-special-heading-tag .heading-char{\nfont-size:25px;\n}\n.av-special-heading.av-280oky-bc4e0d5bae1979482cd56ec1f02c62ea .av-subheading{\nfont-size:15px;\n}\n<\/style>\n<div id='9530b7dd30bbf28429aaa0128f6aee30' class='av-special-heading av-280oky-bc4e0d5bae1979482cd56ec1f02c62ea av-special-heading-h1 blockquote modern-quote avia-builder-el-1 el_before_av_hr avia-builder-el-first '><h1 class='av-special-heading-tag ' itemprop=\"headline\" >AGB's<\/h1><div class=\"special-heading-border\"><div class=\"special-heading-inner-border\"><\/div><\/div><\/div><br \/>\n\n<style type=\"text\/css\" data-created_by=\"avia_inline_auto\" id=\"style-css-av-av_hr-41072b73f68856c505bc5ca7a1de8530\">\n#top .hr.hr-invisible.av-av_hr-41072b73f68856c505bc5ca7a1de8530{\nheight:30px;\n}\n<\/style>\n<div class='hr av-av_hr-41072b73f68856c505bc5ca7a1de8530 hr-invisible avia-builder-el-2 el_after_av_heading el_before_av_textblock '><span class='hr-inner '><span class=\"hr-inner-style\"><\/span><\/span><\/div><br \/>\n<section class='av_textblock_section av-jttunrzs-744dffa02dced9c93562ff982171a34b ' itemscope=\"itemscope\" itemtype=\"https:\/\/schema.org\/CreativeWork\" ><div class='avia_textblock' itemprop=\"text\" ><h3><strong>AGB (Allgemeine Gesch\u00e4fts - und Kursbedingungen)<\/strong><\/h3>\n<p>Diese Allgemeinen Gesch\u00e4ftsbedingungen kommen bei jeder Anmeldung zur Anwendung.<\/p>\n<p>Bei allf\u00e4lligen Fragen wenden Sie sich bitte direkt an mich.<br \/>\nTel. 079 585 50 50 oder per E-Mail: <script type=\"text\/javascript\"> eval(unescape('%64%6f%63%75%6d%65%6e%74%2e%77%72%69%74%65%28%27%3c%61%20%68%72%65%66%3d%22%6d%61%69%6c%74%6f%3a%69%6e%66%6f%40%67%61%62%69%73%65%6e%6e%2e%63%68%22%20%72%65%6c%3d%22%6e%6f%66%6f%6c%6c%6f%77%22%3e%69%6e%66%6f%40%67%61%62%69%73%65%6e%6e%2e%63%68%3c%2f%61%3e%27%29%3b')); <\/script><\/p>\n<p>Vertragspartner<br \/>\nFahrschule Gabi Senn<br \/>\nS\u00fcdikweg 4<br \/>\n8964 Rudolfstetten<\/p>\n<h3><strong>Allgemeine Bedingungen<\/strong><\/h3>\n<p>Der Vertrag zwischen dem Fahrsch\u00fcler und der Fahrschule tritt bei Anmeldung (schriftlich, m\u00fcndlich, telefonisch oder online) in Kraft und endet automatisch nach der bestandenen praktischen F\u00fchrerpr\u00fcfung. Die Fahrschule Gabi Senn verpflichtet sich, den Fahrsch\u00fclern unter den nachstehenden Bedingungen eine einwandfreie und ordnungsgem\u00e4sse Ausbildung zu gew\u00e4hrleisten, welche den Anforderungen des Schweizerischen Strassenverkehrsgesetzes f\u00fcr die Zulassung von Personen zum Strassenverkehr entspricht.<\/p>\n<p><strong>Ziel<\/strong><\/p>\n<p>Ziel ist die Erlangung des F\u00fchrerausweises f\u00fcr die Kategorie B oder Kategorie A gem\u00e4ss den Schweizerischen Pr\u00fcfungsanforderungen f\u00fcr die theoretische und praktische F\u00fchrerpr\u00fcfung.<\/p>\n<p><strong>Lektionsdauer<\/strong><\/p>\n<p>Eine Fahrlektion f\u00fcr die Kategorie B dauert 50 Minuten.<br \/>\nEine Doppellektion dauert 100 Minuten.<\/p>\n<p><strong>Versicherung<\/strong><\/p>\n<p>Fahrsch\u00fcler sind w\u00e4hrend des praktischen Unterrichts sowie der offiziellen F\u00fchrerpr\u00fcfung durch die Fahrschule Gabi Senn versichert. An die Kosten der Versicherung bezahlt der Fahrsch\u00fcler einen einmaligen Betrag von CHF 120.&#8211;, der am ersten Unterrichtstag bar bezahlt werden muss.<\/p>\n<p><strong>Ausschluss des Versicherungsschutzes<\/strong><\/p>\n<p>Die Versicherung gilt nur f\u00fcr Fahrten, bei welchen die Fahrlehrer der Fahrschule Gabi Senn anwesend sind und f\u00fcr die F\u00fchrerpr\u00fcfung mit dem Experten.<\/p>\n<p><strong>Preise<\/strong><\/p>\n<p>Die Preise sind im Internet sowie in der Fahrschule ver\u00f6ffentlicht.<br \/>\nDie Fahrschule Gabi Senn beh\u00e4lt sich das Recht von Preisanpassungen vor.<\/p>\n<p><strong>Zahlungsbedingungen<\/strong><\/p>\n<p>Fahrlektionen sind vor oder nach einer Lektion bar zu bezahlen.<br \/>\nAbos sind zahlbar in bar nach der 2. Lektion.<br \/>\nAn - und R\u00fcckfahrt inkl. Pr\u00fcfung werden mit 2 Lektionen berechnet.<br \/>\nS\u00e4mtliche Fahrstunden m\u00fcssen bis zur F\u00fchrerpr\u00fcfung beglichen sein.<\/p>\n<p>Die Fahrschule Gabi Senn beh\u00e4lt sich das Recht vor bei nicht Bezahlung von Leistungen, nach einer Mahnung ein Inkassob\u00fcro einzuschalten.<\/p>\n<p><strong>Kurzfristige Abmeldungen von Lektionen und Versp\u00e4tungen<\/strong><\/p>\n<p>Vereinbarte Lektionen m\u00fcssen mindestens 48 Stunden im Voraus telefonisch abgemeldet werden. Ansonsten wird die Lektion zum vollen Preis verrechnet. (Ausgenommen Krankheit und Unfall mit Arztzeugnis). Erscheint ein Fahrsch\u00fcler zu sp\u00e4t zum Unterricht geht die verlorene Zeit zu Lasten des Fahrsch\u00fclers.<\/p>\n<p><strong>Alkohol und Drogen<\/strong><\/p>\n<p>Die Fahrschule beh\u00e4lt sich das Recht vor, bei Verdacht auf Alkohol- oder Drogenkonsum die Lektion zu annulieren und die Lektion zu verrechnen.<\/p>\n<h3><strong>Kursbedingungen<\/strong><\/h3>\n<p><strong>Kursorganisation<\/strong><\/p>\n<p>Aus organisatorischen Gr\u00fcnden behalten wir uns vor, Kurse zeitlich zu verschieben oder zusammenzulegen, den Kursort zu \u00e4ndern oder bei Unterbelegung zu annullieren.<\/p>\n<p><strong>Kursorte und Durchf\u00fchrung<\/strong><\/p>\n<p>Um unsere Kurse unter optimalen Bedingungen durchf\u00fchren zu k\u00f6nnen, wird f\u00fcr die Kurse eine minimale und maximale Teilnehmerzahl festgelegt.<\/p>\n<p>Nothelferkurs: mind. 4, maximal 12 Teilnehmer.<br \/>\nVerkehrskundeunterricht: mindestens 5, maximal 12 Teilnehmer.<br \/>\nDie Kurspl\u00e4tze werden in der Reihenfolge der Anmeldungen vergeben.<br \/>\nBei ungen\u00fcgender Teilnehmerzahl wird der Kurs nicht durchgef\u00fchrt, verschoben oder mit einem anderen Kurs zusammengelegt.<br \/>\nDas Kursgeld f\u00fcr den Verkehrskunde-Kurs muss ein paar Tage vor Kursbeginn einbezahlt sein.<br \/>\nDas Kursgeld f\u00fcr den Nothilfe-Kurs ist zu Beginn des Kurses in bar zu bezahlen.<\/p>\n<p>Vereinbarte Kurse m\u00fcssen mindestens 4 Arbeitstage vor Kursbeginn abgesagt werden, ansosten werden wir sie in Rechnung stellen.<\/p>\n<p><strong>Kursprogramm - und Preis\u00e4nderung<\/strong><\/p>\n<p>Kursprogramm - und Preis\u00e4nderungen bleiben vorbehalten.<\/p>\n<p><!--:--><\/p>\n<\/div><\/section><\/p><\/div>\n","protected":false},"excerpt":{"rendered":"","protected":false},"author":3,"featured_media":0,"parent":0,"menu_order":0,"comment_status":"open","ping_status":"open","template":"","meta":{"footnotes":""},"class_list":["post-1138","page","type-page","status-publish","hentry"],"yoast_head":"<!-- This site is optimized with the Yoast SEO plugin v27.1.1 - https:\/\/yoast.com\/product\/yoast-seo-wordpress\/ -->\n<title>AGB - Fahrschule Gabi Senn<\/title>\n<meta name=\"description\" content=\"ABG von Fahrschule Gabi Senn f\u00fcr Umgebung Dietikon, Schlieren, Z\u00fcrich West, Altstetten, Glanzenberg, Urdorf\" \/>\n<meta name=\"robots\" content=\"index, follow, max-snippet:-1, max-image-preview:large, max-video-preview:-1\" \/>\n<link rel=\"canonical\" href=\"https:\/\/gabisenn.ch\/en\/agb-2\/\" \/>\n<meta property=\"og:locale\" content=\"en_US\" \/>\n<meta property=\"og:type\" content=\"article\" \/>\n<meta property=\"og:title\" content=\"AGB - Fahrschule Gabi Senn\" \/>\n<meta property=\"og:description\" content=\"ABG von Fahrschule Gabi Senn f\u00fcr Umgebung Dietikon, Schlieren, Z\u00fcrich West, Altstetten, Glanzenberg, Urdorf\" \/>\n<meta property=\"og:url\" content=\"https:\/\/gabisenn.ch\/en\/agb-2\/\" \/>\n<meta property=\"og:site_name\" content=\"Fahrschule Gabi Senn\" \/>\n<meta property=\"article:modified_time\" content=\"2023-09-22T12:52:55+00:00\" \/>\n<meta name=\"twitter:card\" content=\"summary_large_image\" \/>\n<meta name=\"twitter:label1\" content=\"Est. reading time\" \/>\n\t<meta name=\"twitter:data1\" content=\"4 minutes\" \/>\n<script type=\"application\/ld+json\" class=\"yoast-schema-graph\">{\"@context\":\"https:\/\/schema.org\",\"@graph\":[{\"@type\":\"WebPage\",\"@id\":\"https:\/\/gabisenn.ch\/en\/agb-2\/\",\"url\":\"https:\/\/gabisenn.ch\/en\/agb-2\/\",\"name\":\"AGB - Fahrschule Gabi Senn\",\"isPartOf\":{\"@id\":\"https:\/\/gabisenn.ch\/#website\"},\"datePublished\":\"2016-01-22T08:07:19+00:00\",\"dateModified\":\"2023-09-22T12:52:55+00:00\",\"description\":\"ABG von Fahrschule Gabi Senn f\u00fcr Umgebung Dietikon, Schlieren, Z\u00fcrich West, Altstetten, Glanzenberg, Urdorf\",\"breadcrumb\":{\"@id\":\"https:\/\/gabisenn.ch\/en\/agb-2\/#breadcrumb\"},\"inLanguage\":\"en-US\",\"potentialAction\":[{\"@type\":\"ReadAction\",\"target\":[\"https:\/\/gabisenn.ch\/en\/agb-2\/\"]}]},{\"@type\":\"BreadcrumbList\",\"@id\":\"https:\/\/gabisenn.ch\/en\/agb-2\/#breadcrumb\",\"itemListElement\":[{\"@type\":\"ListItem\",\"position\":1,\"name\":\"Home\",\"item\":\"https:\/\/gabisenn.ch\/en\/driving-school-gabi-senn\/\"},{\"@type\":\"ListItem\",\"position\":2,\"name\":\"AGB\"}]},{\"@type\":\"WebSite\",\"@id\":\"https:\/\/gabisenn.ch\/#website\",\"url\":\"https:\/\/gabisenn.ch\/\",\"name\":\"Fahrschule Gabi Senn\",\"description\":\"Dietikon, Schlieren, Spreitenbach, Urdorf, Albisrieden, Altstetten, Z\u00fcrich\",\"publisher\":{\"@id\":\"https:\/\/gabisenn.ch\/#organization\"},\"potentialAction\":[{\"@type\":\"SearchAction\",\"target\":{\"@type\":\"EntryPoint\",\"urlTemplate\":\"https:\/\/gabisenn.ch\/?s={search_term_string}\"},\"query-input\":{\"@type\":\"PropertyValueSpecification\",\"valueRequired\":true,\"valueName\":\"search_term_string\"}}],\"inLanguage\":\"en-US\"},{\"@type\":\"Organization\",\"@id\":\"https:\/\/gabisenn.ch\/#organization\",\"name\":\"Fahrschule Gabi Senn\",\"url\":\"https:\/\/gabisenn.ch\/\",\"logo\":{\"@type\":\"ImageObject\",\"inLanguage\":\"en-US\",\"@id\":\"https:\/\/gabisenn.ch\/#\/schema\/logo\/image\/\",\"url\":\"https:\/\/gabisenn.ch\/wp-content\/uploads\/Logo-Gabi-Senn-2015.png\",\"contentUrl\":\"https:\/\/gabisenn.ch\/wp-content\/uploads\/Logo-Gabi-Senn-2015.png\",\"width\":220,\"height\":100,\"caption\":\"Fahrschule Gabi Senn\"},\"image\":{\"@id\":\"https:\/\/gabisenn.ch\/#\/schema\/logo\/image\/\"}}]}<\/script>\n<!-- \/ Yoast SEO plugin. -->","yoast_head_json":{"title":"AGB - Fahrschule Gabi Senn","description":"ABG von Fahrschule Gabi Senn f\u00fcr Umgebung Dietikon, Schlieren, Z\u00fcrich West, Altstetten, Glanzenberg, Urdorf","robots":{"index":"index","follow":"follow","max-snippet":"max-snippet:-1","max-image-preview":"max-image-preview:large","max-video-preview":"max-video-preview:-1"},"canonical":"https:\/\/gabisenn.ch\/en\/agb-2\/","og_locale":"en_US","og_type":"article","og_title":"AGB - Fahrschule Gabi Senn","og_description":"ABG von Fahrschule Gabi Senn f\u00fcr Umgebung Dietikon, Schlieren, Z\u00fcrich West, Altstetten, Glanzenberg, Urdorf","og_url":"https:\/\/gabisenn.ch\/en\/agb-2\/","og_site_name":"Fahrschule Gabi Senn","article_modified_time":"2023-09-22T12:52:55+00:00","twitter_card":"summary_large_image","twitter_misc":{"Est. reading time":"4 minutes"},"schema":{"@context":"https:\/\/schema.org","@graph":[{"@type":"WebPage","@id":"https:\/\/gabisenn.ch\/en\/agb-2\/","url":"https:\/\/gabisenn.ch\/en\/agb-2\/","name":"AGB - Fahrschule Gabi Senn","isPartOf":{"@id":"https:\/\/gabisenn.ch\/#website"},"datePublished":"2016-01-22T08:07:19+00:00","dateModified":"2023-09-22T12:52:55+00:00","description":"ABG von Fahrschule Gabi Senn f\u00fcr Umgebung Dietikon, Schlieren, Z\u00fcrich West, Altstetten, Glanzenberg, Urdorf","breadcrumb":{"@id":"https:\/\/gabisenn.ch\/en\/agb-2\/#breadcrumb"},"inLanguage":"en-US","potentialAction":[{"@type":"ReadAction","target":["https:\/\/gabisenn.ch\/en\/agb-2\/"]}]},{"@type":"BreadcrumbList","@id":"https:\/\/gabisenn.ch\/en\/agb-2\/#breadcrumb","itemListElement":[{"@type":"ListItem","position":1,"name":"Home","item":"https:\/\/gabisenn.ch\/en\/driving-school-gabi-senn\/"},{"@type":"ListItem","position":2,"name":"AGB"}]},{"@type":"WebSite","@id":"https:\/\/gabisenn.ch\/#website","url":"https:\/\/gabisenn.ch\/","name":"Fahrschule Gabi Senn","description":"Dietikon, Schlieren, Spreitenbach, Urdorf, Albisrieden, Altstetten, Z\u00fcrich","publisher":{"@id":"https:\/\/gabisenn.ch\/#organization"},"potentialAction":[{"@type":"SearchAction","target":{"@type":"EntryPoint","urlTemplate":"https:\/\/gabisenn.ch\/?s={search_term_string}"},"query-input":{"@type":"PropertyValueSpecification","valueRequired":true,"valueName":"search_term_string"}}],"inLanguage":"en-US"},{"@type":"Organization","@id":"https:\/\/gabisenn.ch\/#organization","name":"Fahrschule Gabi Senn","url":"https:\/\/gabisenn.ch\/","logo":{"@type":"ImageObject","inLanguage":"en-US","@id":"https:\/\/gabisenn.ch\/#\/schema\/logo\/image\/","url":"https:\/\/gabisenn.ch\/wp-content\/uploads\/Logo-Gabi-Senn-2015.png","contentUrl":"https:\/\/gabisenn.ch\/wp-content\/uploads\/Logo-Gabi-Senn-2015.png","width":220,"height":100,"caption":"Fahrschule Gabi Senn"},"image":{"@id":"https:\/\/gabisenn.ch\/#\/schema\/logo\/image\/"}}]}},"_links":{"self":[{"href":"https:\/\/gabisenn.ch\/en\/wp-json\/wp\/v2\/pages\/1138","targetHints":{"allow":["GET"]}}],"collection":[{"href":"https:\/\/gabisenn.ch\/en\/wp-json\/wp\/v2\/pages"}],"about":[{"href":"https:\/\/gabisenn.ch\/en\/wp-json\/wp\/v2\/types\/page"}],"author":[{"embeddable":true,"href":"https:\/\/gabisenn.ch\/en\/wp-json\/wp\/v2\/users\/3"}],"replies":[{"embeddable":true,"href":"https:\/\/gabisenn.ch\/en\/wp-json\/wp\/v2\/comments?post=1138"}],"version-history":[{"count":7,"href":"https:\/\/gabisenn.ch\/en\/wp-json\/wp\/v2\/pages\/1138\/revisions"}],"predecessor-version":[{"id":3049,"href":"https:\/\/gabisenn.ch\/en\/wp-json\/wp\/v2\/pages\/1138\/revisions\/3049"}],"wp:attachment":[{"href":"https:\/\/gabisenn.ch\/en\/wp-json\/wp\/v2\/media?parent=1138"}],"curies":[{"name":"wp","href":"https:\/\/api.w.org\/{rel}","templated":true}]}}