{"id":3572,"date":"2025-06-27T07:40:44","date_gmt":"2025-06-27T05:40:44","guid":{"rendered":"https:\/\/gabisenn.ch\/?page_id=3572"},"modified":"2025-07-09T15:27:12","modified_gmt":"2025-07-09T13:27:12","slug":"course-understanding-and-safely-using-driver-assistance-systems","status":"publish","type":"page","link":"https:\/\/gabisenn.ch\/en\/course-understanding-and-safely-using-driver-assistance-systems\/","title":{"rendered":"Course: Understanding and safely using driver assistance systems"},"content":{"rendered":"\n<style type=\"text\/css\" data-created_by=\"avia_inline_auto\" id=\"style-css-av-mcedmip0-2c5e9ff49e5c2ba9e8ecc4a5cd96e4cc\">\n#top .av-special-heading.av-mcedmip0-2c5e9ff49e5c2ba9e8ecc4a5cd96e4cc{\npadding-bottom:10px;\n}\nbody .av-special-heading.av-mcedmip0-2c5e9ff49e5c2ba9e8ecc4a5cd96e4cc .av-special-heading-tag .heading-char{\nfont-size:25px;\n}\n.av-special-heading.av-mcedmip0-2c5e9ff49e5c2ba9e8ecc4a5cd96e4cc .av-subheading{\nfont-size:15px;\n}\n<\/style>\n<div id='b68e7905d2539e7389dafd109bf49af2' class='av-special-heading av-mcedmip0-2c5e9ff49e5c2ba9e8ecc4a5cd96e4cc av-special-heading-h1 blockquote modern-quote avia-builder-el-0 el_before_av_image avia-builder-el-first '><h1 class='av-special-heading-tag ' itemprop=\"headline\" >Course: Understanding and safely using driver assistance systems<\/h1><div class=\"special-heading-border\"><div class=\"special-heading-inner-border\"><\/div><\/div><\/div>\n\n<style type=\"text\/css\" data-created_by=\"avia_inline_auto\" id=\"style-css-av-mcedp7gz-f45df072e3b88e7928e2c347e8b38e50\">\n.avia-image-container.av-mcedp7gz-f45df072e3b88e7928e2c347e8b38e50 img.avia_image{\nbox-shadow:none;\n}\n.avia-image-container.av-mcedp7gz-f45df072e3b88e7928e2c347e8b38e50 .av-image-caption-overlay-center{\ncolor:#ffffff;\n}\n<\/style>\n<div class='avia-image-container av-mcedp7gz-f45df072e3b88e7928e2c347e8b38e50 av-styling- avia-align-center avia-builder-el-1 el_after_av_heading el_before_av_one_full ' itemprop=\"image\" itemscope=\"itemscope\" itemtype=\"https:\/\/schema.org\/ImageObject\" ><div class=\"avia-image-container-inner\"><div class=\"avia-image-overlay-wrap\"><img decoding=\"async\" fetchpriority=\"high\" class='wp-image-3507 avia-img-lazy-loading-not-3507 avia_image ' src=\"https:\/\/gabisenn.ch\/wp-content\/uploads\/Fahrschule-Gabi-Senn-Assistenzsysteme-3.jpg\" alt='' title='Fahrschule-Gabi-Senn-Assistenzsysteme-3' height=\"800\" width=\"1200\" itemprop=\"thumbnailUrl\" srcset=\"https:\/\/gabisenn.ch\/wp-content\/uploads\/Fahrschule-Gabi-Senn-Assistenzsysteme-3.jpg 1200w, https:\/\/gabisenn.ch\/wp-content\/uploads\/Fahrschule-Gabi-Senn-Assistenzsysteme-3-300x200.jpg 300w, https:\/\/gabisenn.ch\/wp-content\/uploads\/Fahrschule-Gabi-Senn-Assistenzsysteme-3-1030x687.jpg 1030w, https:\/\/gabisenn.ch\/wp-content\/uploads\/Fahrschule-Gabi-Senn-Assistenzsysteme-3-768x512.jpg 768w, https:\/\/gabisenn.ch\/wp-content\/uploads\/Fahrschule-Gabi-Senn-Assistenzsysteme-3-705x470.jpg 705w\" sizes=\"(max-width: 1200px) 100vw, 1200px\" \/><\/div><\/div><\/div>\n<div class='flex_column av-4sf7jo-407b2766b48283466ea1b4e4597feda6 av_one_full avia-builder-el-2 el_after_av_image avia-builder-el-last first flex_column_div ' ><p><section class='av_textblock_section av-mcednspo-23c70db55570dcdcdaff991a1f65250f ' itemscope=\"itemscope\" itemtype=\"https:\/\/schema.org\/CreativeWork\" ><div class='avia_textblock' itemprop=\"text\" ><p>Target group: Compulsory learner drivers from 1.7.25, returning drivers, interested drivers<br \/>\nLocation: Theory &amp; practice &#8211; in the driving school vehicle or in your own vehicle (as required)<\/p>\n<h3>Course content:<\/h3>\n<p>In this course, you will learn how modern driver assistance systems work &#8211; from adaptive cruise control (ACC) and lane departure warning systems to emergency braking and parking aids.<br \/>\nThe course consists of two parts:<\/p>\n<h3>Theoretical part:<\/h3>\n<p>&#8211; Comprehensible explanations of various assistance systems<br \/>\n&#8211; Differences, benefits and limitations of the systems<br \/>\n&#8211; Information on the legal framework and driver responsibility<br \/>\n&#8211; If desired, directly on your own vehicle or on the driving school vehicle<\/p>\n<h3>Practical part:<\/h3>\n<p>&#8211; Joint testing and practicing of the systems in real road traffic<br \/>\n&#8211; Typical situations and recommended behavior<br \/>\n&#8211; Explanation of the cooperation between driver and technology<br \/>\n&#8211; Demonstration of the limits and risks of the systems<\/p>\n<p>Objective: Safety, confidence and a realistic understanding of how to use driver assistance systems.<\/p>\n<p>Translated with DeepL.com (free version)<\/p>\n<\/div><\/section><br \/>\n\n<style type=\"text\/css\" data-created_by=\"avia_inline_auto\" id=\"style-css-av-mcee1eco-dd9e4dcfdbf12f7d310689bf11fb8c3f\">\n#top .hr.hr-invisible.av-mcee1eco-dd9e4dcfdbf12f7d310689bf11fb8c3f{\nheight:30px;\n}\n<\/style>\n<div class='hr av-mcee1eco-dd9e4dcfdbf12f7d310689bf11fb8c3f hr-invisible avia-builder-el-4 el_after_av_textblock el_before_av_video_structured '><span class='hr-inner '><span class=\"hr-inner-style\"><\/span><\/span><\/div><br \/>\n<style>\n .responsiv-embed-container iframe, .responsiv-embed-container > div {\n position: absolute;\n top: 0;\n left: 0;\n width: 100%;\n height: 100%;\n }\n <\/style><div class=\"responsiv-embed-container\" style=\"position: relative;margin-top: 12px;padding-bottom: 56.25%;overflow: hidden;width: 100%;height: auto;\"><div class='avia-video av-mcvzt2ow-ff4b764e2cf55994f2c124fa1007696a avia-video-16-9 av-no-preview-image avia-video-load-always av-lazyload-immediate av-lazyload-video-embed' itemprop=\"video\" itemtype=\"https:\/\/schema.org\/VideoObject\" data-original_url='https:\/\/youtu.be\/LxulamO5H3E?si=zH68fVWyfrr1Lxmx'><script type='text\/html' class='av-video-tmpl'><div class='avia-iframe-wrap'><iframe loading=\"lazy\" title=\"Assistenzsysteme an der F\u00fchrerpr\u00fcfung: So pr\u00fcfen wir sie\" width=\"1500\" height=\"844\" src=\"https:\/\/www.youtube-nocookie.com\/embed\/LxulamO5H3E?rel=0&feature=oembed\" frameborder=\"0\" allow=\"accelerometer; autoplay; clipboard-write; encrypted-media; gyroscope; picture-in-picture; web-share\" referrerpolicy=\"strict-origin-when-cross-origin\" allowfullscreen><\/iframe><\/div><\/script><div class='av-click-to-play-overlay'><div class=\"avia_playpause_icon\"><\/div><\/div><\/div><\/div><br \/>\n\n<style type=\"text\/css\" data-created_by=\"avia_inline_auto\" id=\"style-css-av-av_hr-2b922b97f229a78c6eef973f22181172\">\n#top .hr.hr-invisible.av-av_hr-2b922b97f229a78c6eef973f22181172{\nheight:30px;\n}\n<\/style>\n<div class='hr av-av_hr-2b922b97f229a78c6eef973f22181172 hr-invisible avia-builder-el-6 el_after_av_video_structured el_before_av_button '><span class='hr-inner '><span class=\"hr-inner-style\"><\/span><\/span><\/div><br \/>\n<div class='avia-button-wrap av-mcedq1es-0431c3ddc5b53b2caba6ef69257d16cb-wrap avia-button-left avia-builder-el-7 el_after_av_hr avia-builder-el-last '><a href='tel:+41795855050' class='avia-button av-mcedq1es-0431c3ddc5b53b2caba6ef69257d16cb av-link-btn avia-icon_select-yes-left-icon avia-size-large avia-position-left avia-color-theme-color' aria-label=\"Register now for the course\"><span class='avia_button_icon avia_button_icon_left avia-iconfont avia-font-entypo-fontello' data-av_icon='\ue854' data-av_iconfont='entypo-fontello' ><\/span><span class='avia_iconbox_title' >Register now for the course<\/span><\/a><\/div><\/p><\/div>\n","protected":false},"excerpt":{"rendered":"","protected":false},"author":3,"featured_media":3507,"parent":0,"menu_order":0,"comment_status":"closed","ping_status":"closed","template":"","meta":{"footnotes":""},"class_list":["post-3572","page","type-page","status-publish","has-post-thumbnail","hentry"],"yoast_head":"<!-- This site is optimized with the Yoast SEO plugin v27.1.1 - https:\/\/yoast.com\/product\/yoast-seo-wordpress\/ -->\n<title>Course: Understanding and safely using driver assistance systems - Fahrschule Gabi Senn<\/title>\n<meta name=\"description\" content=\"Driver assistance course: theory and practice using your own or school car. Gain confidence, safety and knowledge for today\u2019s road traffic.\" \/>\n<meta name=\"robots\" content=\"index, follow, max-snippet:-1, max-image-preview:large, max-video-preview:-1\" \/>\n<link rel=\"canonical\" href=\"https:\/\/gabisenn.ch\/en\/course-understanding-and-safely-using-driver-assistance-systems\/\" \/>\n<meta property=\"og:locale\" content=\"en_US\" \/>\n<meta property=\"og:type\" content=\"article\" \/>\n<meta property=\"og:title\" content=\"Course: Understanding and safely using driver assistance systems - Fahrschule Gabi Senn\" \/>\n<meta property=\"og:description\" content=\"Driver assistance course: theory and practice using your own or school car. Gain confidence, safety and knowledge for today\u2019s road traffic.\" \/>\n<meta property=\"og:url\" content=\"https:\/\/gabisenn.ch\/en\/course-understanding-and-safely-using-driver-assistance-systems\/\" \/>\n<meta property=\"og:site_name\" content=\"Fahrschule Gabi Senn\" \/>\n<meta property=\"article:modified_time\" content=\"2025-07-09T13:27:12+00:00\" \/>\n<meta property=\"og:image\" content=\"https:\/\/gabisenn.ch\/wp-content\/uploads\/Fahrschule-Gabi-Senn-Assistenzsysteme-3.jpg\" \/>\n\t<meta property=\"og:image:width\" content=\"1200\" \/>\n\t<meta property=\"og:image:height\" content=\"800\" \/>\n\t<meta property=\"og:image:type\" content=\"image\/jpeg\" \/>\n<meta name=\"twitter:card\" content=\"summary_large_image\" \/>\n<meta name=\"twitter:label1\" content=\"Est. reading time\" \/>\n\t<meta name=\"twitter:data1\" content=\"2 minutes\" \/>\n<script type=\"application\/ld+json\" class=\"yoast-schema-graph\">{\"@context\":\"https:\/\/schema.org\",\"@graph\":[{\"@type\":\"WebPage\",\"@id\":\"https:\/\/gabisenn.ch\/en\/course-understanding-and-safely-using-driver-assistance-systems\/\",\"url\":\"https:\/\/gabisenn.ch\/en\/course-understanding-and-safely-using-driver-assistance-systems\/\",\"name\":\"Course: Understanding and safely using driver assistance systems - Fahrschule Gabi Senn\",\"isPartOf\":{\"@id\":\"https:\/\/gabisenn.ch\/#website\"},\"primaryImageOfPage\":{\"@id\":\"https:\/\/gabisenn.ch\/en\/course-understanding-and-safely-using-driver-assistance-systems\/#primaryimage\"},\"image\":{\"@id\":\"https:\/\/gabisenn.ch\/en\/course-understanding-and-safely-using-driver-assistance-systems\/#primaryimage\"},\"thumbnailUrl\":\"https:\/\/gabisenn.ch\/wp-content\/uploads\/Fahrschule-Gabi-Senn-Assistenzsysteme-3.jpg\",\"datePublished\":\"2025-06-27T05:40:44+00:00\",\"dateModified\":\"2025-07-09T13:27:12+00:00\",\"description\":\"Driver assistance course: theory and practice using your own or school car. Gain confidence, safety and knowledge for today\u2019s road traffic.\",\"breadcrumb\":{\"@id\":\"https:\/\/gabisenn.ch\/en\/course-understanding-and-safely-using-driver-assistance-systems\/#breadcrumb\"},\"inLanguage\":\"en-US\",\"potentialAction\":[{\"@type\":\"ReadAction\",\"target\":[\"https:\/\/gabisenn.ch\/en\/course-understanding-and-safely-using-driver-assistance-systems\/\"]}]},{\"@type\":\"ImageObject\",\"inLanguage\":\"en-US\",\"@id\":\"https:\/\/gabisenn.ch\/en\/course-understanding-and-safely-using-driver-assistance-systems\/#primaryimage\",\"url\":\"https:\/\/gabisenn.ch\/wp-content\/uploads\/Fahrschule-Gabi-Senn-Assistenzsysteme-3.jpg\",\"contentUrl\":\"https:\/\/gabisenn.ch\/wp-content\/uploads\/Fahrschule-Gabi-Senn-Assistenzsysteme-3.jpg\",\"width\":1200,\"height\":800},{\"@type\":\"BreadcrumbList\",\"@id\":\"https:\/\/gabisenn.ch\/en\/course-understanding-and-safely-using-driver-assistance-systems\/#breadcrumb\",\"itemListElement\":[{\"@type\":\"ListItem\",\"position\":1,\"name\":\"Home\",\"item\":\"https:\/\/gabisenn.ch\/en\/driving-school-gabi-senn\/\"},{\"@type\":\"ListItem\",\"position\":2,\"name\":\"Course: Understanding and safely using driver assistance systems\"}]},{\"@type\":\"WebSite\",\"@id\":\"https:\/\/gabisenn.ch\/#website\",\"url\":\"https:\/\/gabisenn.ch\/\",\"name\":\"Fahrschule Gabi Senn\",\"description\":\"Dietikon, Schlieren, Spreitenbach, Urdorf, Albisrieden, Altstetten, Z\u00fcrich\",\"publisher\":{\"@id\":\"https:\/\/gabisenn.ch\/#organization\"},\"potentialAction\":[{\"@type\":\"SearchAction\",\"target\":{\"@type\":\"EntryPoint\",\"urlTemplate\":\"https:\/\/gabisenn.ch\/?s={search_term_string}\"},\"query-input\":{\"@type\":\"PropertyValueSpecification\",\"valueRequired\":true,\"valueName\":\"search_term_string\"}}],\"inLanguage\":\"en-US\"},{\"@type\":\"Organization\",\"@id\":\"https:\/\/gabisenn.ch\/#organization\",\"name\":\"Fahrschule Gabi Senn\",\"url\":\"https:\/\/gabisenn.ch\/\",\"logo\":{\"@type\":\"ImageObject\",\"inLanguage\":\"en-US\",\"@id\":\"https:\/\/gabisenn.ch\/#\/schema\/logo\/image\/\",\"url\":\"https:\/\/gabisenn.ch\/wp-content\/uploads\/Logo-Gabi-Senn-2015.png\",\"contentUrl\":\"https:\/\/gabisenn.ch\/wp-content\/uploads\/Logo-Gabi-Senn-2015.png\",\"width\":220,\"height\":100,\"caption\":\"Fahrschule Gabi Senn\"},\"image\":{\"@id\":\"https:\/\/gabisenn.ch\/#\/schema\/logo\/image\/\"}}]}<\/script>\n<!-- \/ Yoast SEO plugin. -->","yoast_head_json":{"title":"Course: Understanding and safely using driver assistance systems - Fahrschule Gabi Senn","description":"Driver assistance course: theory and practice using your own or school car. Gain confidence, safety and knowledge for today\u2019s road traffic.","robots":{"index":"index","follow":"follow","max-snippet":"max-snippet:-1","max-image-preview":"max-image-preview:large","max-video-preview":"max-video-preview:-1"},"canonical":"https:\/\/gabisenn.ch\/en\/course-understanding-and-safely-using-driver-assistance-systems\/","og_locale":"en_US","og_type":"article","og_title":"Course: Understanding and safely using driver assistance systems - Fahrschule Gabi Senn","og_description":"Driver assistance course: theory and practice using your own or school car. Gain confidence, safety and knowledge for today\u2019s road traffic.","og_url":"https:\/\/gabisenn.ch\/en\/course-understanding-and-safely-using-driver-assistance-systems\/","og_site_name":"Fahrschule Gabi Senn","article_modified_time":"2025-07-09T13:27:12+00:00","og_image":[{"width":1200,"height":800,"url":"https:\/\/gabisenn.ch\/wp-content\/uploads\/Fahrschule-Gabi-Senn-Assistenzsysteme-3.jpg","type":"image\/jpeg"}],"twitter_card":"summary_large_image","twitter_misc":{"Est. reading time":"2 minutes"},"schema":{"@context":"https:\/\/schema.org","@graph":[{"@type":"WebPage","@id":"https:\/\/gabisenn.ch\/en\/course-understanding-and-safely-using-driver-assistance-systems\/","url":"https:\/\/gabisenn.ch\/en\/course-understanding-and-safely-using-driver-assistance-systems\/","name":"Course: Understanding and safely using driver assistance systems - Fahrschule Gabi Senn","isPartOf":{"@id":"https:\/\/gabisenn.ch\/#website"},"primaryImageOfPage":{"@id":"https:\/\/gabisenn.ch\/en\/course-understanding-and-safely-using-driver-assistance-systems\/#primaryimage"},"image":{"@id":"https:\/\/gabisenn.ch\/en\/course-understanding-and-safely-using-driver-assistance-systems\/#primaryimage"},"thumbnailUrl":"https:\/\/gabisenn.ch\/wp-content\/uploads\/Fahrschule-Gabi-Senn-Assistenzsysteme-3.jpg","datePublished":"2025-06-27T05:40:44+00:00","dateModified":"2025-07-09T13:27:12+00:00","description":"Driver assistance course: theory and practice using your own or school car. Gain confidence, safety and knowledge for today\u2019s road traffic.","breadcrumb":{"@id":"https:\/\/gabisenn.ch\/en\/course-understanding-and-safely-using-driver-assistance-systems\/#breadcrumb"},"inLanguage":"en-US","potentialAction":[{"@type":"ReadAction","target":["https:\/\/gabisenn.ch\/en\/course-understanding-and-safely-using-driver-assistance-systems\/"]}]},{"@type":"ImageObject","inLanguage":"en-US","@id":"https:\/\/gabisenn.ch\/en\/course-understanding-and-safely-using-driver-assistance-systems\/#primaryimage","url":"https:\/\/gabisenn.ch\/wp-content\/uploads\/Fahrschule-Gabi-Senn-Assistenzsysteme-3.jpg","contentUrl":"https:\/\/gabisenn.ch\/wp-content\/uploads\/Fahrschule-Gabi-Senn-Assistenzsysteme-3.jpg","width":1200,"height":800},{"@type":"BreadcrumbList","@id":"https:\/\/gabisenn.ch\/en\/course-understanding-and-safely-using-driver-assistance-systems\/#breadcrumb","itemListElement":[{"@type":"ListItem","position":1,"name":"Home","item":"https:\/\/gabisenn.ch\/en\/driving-school-gabi-senn\/"},{"@type":"ListItem","position":2,"name":"Course: Understanding and safely using driver assistance systems"}]},{"@type":"WebSite","@id":"https:\/\/gabisenn.ch\/#website","url":"https:\/\/gabisenn.ch\/","name":"Fahrschule Gabi Senn","description":"Dietikon, Schlieren, Spreitenbach, Urdorf, Albisrieden, Altstetten, Z\u00fcrich","publisher":{"@id":"https:\/\/gabisenn.ch\/#organization"},"potentialAction":[{"@type":"SearchAction","target":{"@type":"EntryPoint","urlTemplate":"https:\/\/gabisenn.ch\/?s={search_term_string}"},"query-input":{"@type":"PropertyValueSpecification","valueRequired":true,"valueName":"search_term_string"}}],"inLanguage":"en-US"},{"@type":"Organization","@id":"https:\/\/gabisenn.ch\/#organization","name":"Fahrschule Gabi Senn","url":"https:\/\/gabisenn.ch\/","logo":{"@type":"ImageObject","inLanguage":"en-US","@id":"https:\/\/gabisenn.ch\/#\/schema\/logo\/image\/","url":"https:\/\/gabisenn.ch\/wp-content\/uploads\/Logo-Gabi-Senn-2015.png","contentUrl":"https:\/\/gabisenn.ch\/wp-content\/uploads\/Logo-Gabi-Senn-2015.png","width":220,"height":100,"caption":"Fahrschule Gabi Senn"},"image":{"@id":"https:\/\/gabisenn.ch\/#\/schema\/logo\/image\/"}}]}},"_links":{"self":[{"href":"https:\/\/gabisenn.ch\/en\/wp-json\/wp\/v2\/pages\/3572","targetHints":{"allow":["GET"]}}],"collection":[{"href":"https:\/\/gabisenn.ch\/en\/wp-json\/wp\/v2\/pages"}],"about":[{"href":"https:\/\/gabisenn.ch\/en\/wp-json\/wp\/v2\/types\/page"}],"author":[{"embeddable":true,"href":"https:\/\/gabisenn.ch\/en\/wp-json\/wp\/v2\/users\/3"}],"replies":[{"embeddable":true,"href":"https:\/\/gabisenn.ch\/en\/wp-json\/wp\/v2\/comments?post=3572"}],"version-history":[{"count":7,"href":"https:\/\/gabisenn.ch\/en\/wp-json\/wp\/v2\/pages\/3572\/revisions"}],"predecessor-version":[{"id":3610,"href":"https:\/\/gabisenn.ch\/en\/wp-json\/wp\/v2\/pages\/3572\/revisions\/3610"}],"wp:featuredmedia":[{"embeddable":true,"href":"https:\/\/gabisenn.ch\/en\/wp-json\/wp\/v2\/media\/3507"}],"wp:attachment":[{"href":"https:\/\/gabisenn.ch\/en\/wp-json\/wp\/v2\/media?parent=3572"}],"curies":[{"name":"wp","href":"https:\/\/api.w.org\/{rel}","templated":true}]}}