{"id":768,"date":"2012-11-28T23:25:12","date_gmt":"2012-11-28T21:25:12","guid":{"rendered":"http:\/\/2015.gabisenn.ch\/wab-zweiphasenausbildung-2\/"},"modified":"2023-09-25T12:53:48","modified_gmt":"2023-09-25T10:53:48","slug":"wab-zweiphasenausbildung-2","status":"publish","type":"page","link":"https:\/\/gabisenn.ch\/en\/wab-zweiphasenausbildung-2\/","title":{"rendered":"WAB \/ Zweiphasenausbildung"},"content":{"rendered":"\n<style type=\"text\/css\" data-created_by=\"avia_inline_auto\" id=\"style-css-av-av_one_full-d3367839b90fa10d0091ac185a66b338\">\n.flex_column.av-av_one_full-d3367839b90fa10d0091ac185a66b338{\nborder-radius:0px 0px 0px 0px;\npadding:0px 0px 0px 0px;\n}\n<\/style>\n<div class='flex_column av-av_one_full-d3367839b90fa10d0091ac185a66b338 av_one_full avia-builder-el-0 avia-builder-el-no-sibling first flex_column_div av-zero-column-padding ' ><p>\n<style type=\"text\/css\" data-created_by=\"avia_inline_auto\" id=\"style-css-av-av_heading-5f20247296f003bb9a4f9c9595eb624d\">\n#top .av-special-heading.av-av_heading-5f20247296f003bb9a4f9c9595eb624d{\npadding-bottom:10px;\n}\nbody .av-special-heading.av-av_heading-5f20247296f003bb9a4f9c9595eb624d .av-special-heading-tag .heading-char{\nfont-size:25px;\n}\n.av-special-heading.av-av_heading-5f20247296f003bb9a4f9c9595eb624d .av-subheading{\nfont-size:15px;\n}\n<\/style>\n<div id='836b8041c931d947f804be0698702028' class='av-special-heading av-av_heading-5f20247296f003bb9a4f9c9595eb624d av-special-heading-h1 blockquote modern-quote avia-builder-el-1 el_before_av_heading avia-builder-el-first '><h1 class='av-special-heading-tag ' itemprop=\"headline\" >WAB \/ Zweiphasenausbildung<\/h1><div class=\"special-heading-border\"><div class=\"special-heading-inner-border\"><\/div><\/div><\/div><br \/>\n\n<style type=\"text\/css\" data-created_by=\"avia_inline_auto\" id=\"style-css-av-av_heading-9dd9c22776f5fa1f8ff6e635760aba1d\">\n#top .av-special-heading.av-av_heading-9dd9c22776f5fa1f8ff6e635760aba1d{\npadding-bottom:10px;\n}\nbody .av-special-heading.av-av_heading-9dd9c22776f5fa1f8ff6e635760aba1d .av-special-heading-tag .heading-char{\nfont-size:25px;\n}\n.av-special-heading.av-av_heading-9dd9c22776f5fa1f8ff6e635760aba1d .av-subheading{\nfont-size:15px;\n}\n<\/style>\n<div id='8453c87fe444ea170de5a0771b117712' class='av-special-heading av-av_heading-9dd9c22776f5fa1f8ff6e635760aba1d av-special-heading-h2 blockquote modern-quote avia-builder-el-2 el_after_av_heading el_before_av_hr '><h2 class='av-special-heading-tag ' itemprop=\"headline\" >Dein Weg zum definitiven F\u00fchrerschein: Der WAB-Kurs Auto<\/h2><div class=\"special-heading-border\"><div class=\"special-heading-inner-border\"><\/div><\/div><\/div><br \/>\n\n<style type=\"text\/css\" data-created_by=\"avia_inline_auto\" id=\"style-css-av-av_hr-41072b73f68856c505bc5ca7a1de8530\">\n#top .hr.hr-invisible.av-av_hr-41072b73f68856c505bc5ca7a1de8530{\nheight:30px;\n}\n<\/style>\n<div class='hr av-av_hr-41072b73f68856c505bc5ca7a1de8530 hr-invisible avia-builder-el-3 el_after_av_heading el_before_av_textblock '><span class='hr-inner '><span class=\"hr-inner-style\"><\/span><\/span><\/div><br \/>\n<section class='av_textblock_section av-av_textblock-318532fd5eb15fb471cd4934399a5f60 ' itemscope=\"itemscope\" itemtype=\"https:\/\/schema.org\/CreativeWork\" ><div class='avia_textblock' itemprop=\"text\" ><p>Seit dem 1. Januar 2020 sind die bisherigen zwei WAB-Tage optimiert und zu einem einzigen kompakten Tag zusammengef\u00fchrt worden.<\/p>\n<p>Getreu dem Motto \u00abLernen durch eigene Erfahrungen\u00bb haben wir f\u00fcr dich einen spannenden und lehrreichen Tag rund um das Thema Auto- und Motorradfahren entwickelt.<\/p>\n<p>Der praxisorientierte Kurs wird dich in angenehmer Atmosph\u00e4re mit Freude und Spass sicher ans Ziel f\u00fchren.<\/p>\n<\/div><\/section><br \/>\n\n<style type=\"text\/css\" data-created_by=\"avia_inline_auto\" id=\"style-css-av-av_heading-654dae2a510541a250e0dc25d7306f5f\">\n#top .av-special-heading.av-av_heading-654dae2a510541a250e0dc25d7306f5f{\npadding-bottom:10px;\n}\nbody .av-special-heading.av-av_heading-654dae2a510541a250e0dc25d7306f5f .av-special-heading-tag .heading-char{\nfont-size:25px;\n}\n.av-special-heading.av-av_heading-654dae2a510541a250e0dc25d7306f5f .av-subheading{\nfont-size:15px;\n}\n<\/style>\n<div id='b93a283b22afbbf90c21e85887adfe10' class='av-special-heading av-av_heading-654dae2a510541a250e0dc25d7306f5f av-special-heading-h2 blockquote modern-quote avia-builder-el-5 el_after_av_textblock el_before_av_hr '><h2 class='av-special-heading-tag ' itemprop=\"headline\" >Kursinhalt und Ablauf WAB-Kurs Auto<\/h2><div class=\"special-heading-border\"><div class=\"special-heading-inner-border\"><\/div><\/div><\/div><br \/>\n\n<style type=\"text\/css\" data-created_by=\"avia_inline_auto\" id=\"style-css-av-av_hr-41072b73f68856c505bc5ca7a1de8530\">\n#top .hr.hr-invisible.av-av_hr-41072b73f68856c505bc5ca7a1de8530{\nheight:30px;\n}\n<\/style>\n<div class='hr av-av_hr-41072b73f68856c505bc5ca7a1de8530 hr-invisible avia-builder-el-6 el_after_av_heading el_before_av_textblock '><span class='hr-inner '><span class=\"hr-inner-style\"><\/span><\/span><\/div><br \/>\n<section class='av_textblock_section av-av_textblock-318532fd5eb15fb471cd4934399a5f60 ' itemscope=\"itemscope\" itemtype=\"https:\/\/schema.org\/CreativeWork\" ><div class='avia_textblock' itemprop=\"text\" ><p>In einem Kursteil lernst du praktisch, wie du gef\u00e4hrliche Situationen schon vor der Entstehung erkennen und wie du diese vermeiden kannst. Notbremsungen, Abstand und Kurven fahren werden auf unseren abgesperrten Pisten erlebt. Gleichzeitig steigerst du deine Sicherheit im Strassenverkehr und lernst dich und dein Fahrzeug besser einzusch\u00e4tzen.<\/p>\n<p>Verkehrssicherheit ist unser oberstes Gebot. Daher werden wir im anderen Kursteil dein Bewusstsein f\u00fcr deine Fahrf\u00e4higkeiten sch\u00e4rfen, deinen Verkehrssinn optimieren sowie dein partnerschaftliches Fahren f\u00f6rdern. Zudem lernst klimafreundlich und kostensparend zu fahren (\u00abclever fahren\u00bb), basierend auf den neusten wissenschaftlichen Grundlagen.<\/p>\n<p>In der Tagesbilanz fassen wir die Aspekte des umweltschonenden Fahrens zusammen und runden damit diesen f\u00fcr dich erlebnisreichen Tag ab.<\/p>\n<p>Die Kurse finden von <strong>Montag bis Samstag<\/strong> statt.<\/p>\n<p><strong>Kurskosten:<\/strong> CHF 480 (mit Gutschein vom Fahrlehrer CHF 440)<\/p>\n<p><strong>Mehr Infos und Anmeldung unter <a class=\"pfeil\" href=\"http:\/\/www.drivez.ch\" target=\"_blank\" rel=\"external nofollow noopener\">www.drivez.ch<\/a><\/strong><\/p>\n<\/div><\/section><\/p><\/div>\n","protected":false},"excerpt":{"rendered":"","protected":false},"author":3,"featured_media":0,"parent":0,"menu_order":0,"comment_status":"open","ping_status":"open","template":"","meta":{"footnotes":""},"class_list":["post-768","page","type-page","status-publish","hentry"],"yoast_head":"<!-- This site is optimized with the Yoast SEO plugin v27.1.1 - https:\/\/yoast.com\/product\/yoast-seo-wordpress\/ -->\n<title>WAB \/ Zweiphasenausbildung - Fahrschule Gabi Senn<\/title>\n<meta name=\"description\" content=\"Car driving school, Gabi Senn, Dietikon, Schlieren, Z\u00fcrich West, Altstetten, Glanzenberg, Urdorf\" \/>\n<meta name=\"robots\" content=\"index, follow, max-snippet:-1, max-image-preview:large, max-video-preview:-1\" \/>\n<link rel=\"canonical\" href=\"https:\/\/gabisenn.ch\/en\/wab-zweiphasenausbildung-2\/\" \/>\n<meta property=\"og:locale\" content=\"en_US\" \/>\n<meta property=\"og:type\" content=\"article\" \/>\n<meta property=\"og:title\" content=\"WAB \/ Zweiphasenausbildung - Fahrschule Gabi Senn\" \/>\n<meta property=\"og:description\" content=\"Car driving school, Gabi Senn, Dietikon, Schlieren, Z\u00fcrich West, Altstetten, Glanzenberg, Urdorf\" \/>\n<meta property=\"og:url\" content=\"https:\/\/gabisenn.ch\/en\/wab-zweiphasenausbildung-2\/\" \/>\n<meta property=\"og:site_name\" content=\"Fahrschule Gabi Senn\" \/>\n<meta property=\"article:modified_time\" content=\"2023-09-25T10:53:48+00:00\" \/>\n<meta name=\"twitter:card\" content=\"summary_large_image\" \/>\n<meta name=\"twitter:label1\" content=\"Est. reading time\" \/>\n\t<meta name=\"twitter:data1\" content=\"4 minutes\" \/>\n<script type=\"application\/ld+json\" class=\"yoast-schema-graph\">{\"@context\":\"https:\/\/schema.org\",\"@graph\":[{\"@type\":\"WebPage\",\"@id\":\"https:\/\/gabisenn.ch\/en\/wab-zweiphasenausbildung-2\/\",\"url\":\"https:\/\/gabisenn.ch\/en\/wab-zweiphasenausbildung-2\/\",\"name\":\"WAB \/ Zweiphasenausbildung - Fahrschule Gabi Senn\",\"isPartOf\":{\"@id\":\"https:\/\/gabisenn.ch\/#website\"},\"datePublished\":\"2012-11-28T21:25:12+00:00\",\"dateModified\":\"2023-09-25T10:53:48+00:00\",\"description\":\"Car driving school, Gabi Senn, Dietikon, Schlieren, Z\u00fcrich West, Altstetten, Glanzenberg, Urdorf\",\"breadcrumb\":{\"@id\":\"https:\/\/gabisenn.ch\/en\/wab-zweiphasenausbildung-2\/#breadcrumb\"},\"inLanguage\":\"en-US\",\"potentialAction\":[{\"@type\":\"ReadAction\",\"target\":[\"https:\/\/gabisenn.ch\/en\/wab-zweiphasenausbildung-2\/\"]}]},{\"@type\":\"BreadcrumbList\",\"@id\":\"https:\/\/gabisenn.ch\/en\/wab-zweiphasenausbildung-2\/#breadcrumb\",\"itemListElement\":[{\"@type\":\"ListItem\",\"position\":1,\"name\":\"Home\",\"item\":\"https:\/\/gabisenn.ch\/en\/driving-school-gabi-senn\/\"},{\"@type\":\"ListItem\",\"position\":2,\"name\":\"WAB \/ Zweiphasenausbildung\"}]},{\"@type\":\"WebSite\",\"@id\":\"https:\/\/gabisenn.ch\/#website\",\"url\":\"https:\/\/gabisenn.ch\/\",\"name\":\"Fahrschule Gabi Senn\",\"description\":\"Dietikon, Schlieren, Spreitenbach, Urdorf, Albisrieden, Altstetten, Z\u00fcrich\",\"publisher\":{\"@id\":\"https:\/\/gabisenn.ch\/#organization\"},\"potentialAction\":[{\"@type\":\"SearchAction\",\"target\":{\"@type\":\"EntryPoint\",\"urlTemplate\":\"https:\/\/gabisenn.ch\/?s={search_term_string}\"},\"query-input\":{\"@type\":\"PropertyValueSpecification\",\"valueRequired\":true,\"valueName\":\"search_term_string\"}}],\"inLanguage\":\"en-US\"},{\"@type\":\"Organization\",\"@id\":\"https:\/\/gabisenn.ch\/#organization\",\"name\":\"Fahrschule Gabi Senn\",\"url\":\"https:\/\/gabisenn.ch\/\",\"logo\":{\"@type\":\"ImageObject\",\"inLanguage\":\"en-US\",\"@id\":\"https:\/\/gabisenn.ch\/#\/schema\/logo\/image\/\",\"url\":\"https:\/\/gabisenn.ch\/wp-content\/uploads\/Logo-Gabi-Senn-2015.png\",\"contentUrl\":\"https:\/\/gabisenn.ch\/wp-content\/uploads\/Logo-Gabi-Senn-2015.png\",\"width\":220,\"height\":100,\"caption\":\"Fahrschule Gabi Senn\"},\"image\":{\"@id\":\"https:\/\/gabisenn.ch\/#\/schema\/logo\/image\/\"}}]}<\/script>\n<!-- \/ Yoast SEO plugin. -->","yoast_head_json":{"title":"WAB \/ Zweiphasenausbildung - Fahrschule Gabi Senn","description":"Car driving school, Gabi Senn, Dietikon, Schlieren, Z\u00fcrich West, Altstetten, Glanzenberg, Urdorf","robots":{"index":"index","follow":"follow","max-snippet":"max-snippet:-1","max-image-preview":"max-image-preview:large","max-video-preview":"max-video-preview:-1"},"canonical":"https:\/\/gabisenn.ch\/en\/wab-zweiphasenausbildung-2\/","og_locale":"en_US","og_type":"article","og_title":"WAB \/ Zweiphasenausbildung - Fahrschule Gabi Senn","og_description":"Car driving school, Gabi Senn, Dietikon, Schlieren, Z\u00fcrich West, Altstetten, Glanzenberg, Urdorf","og_url":"https:\/\/gabisenn.ch\/en\/wab-zweiphasenausbildung-2\/","og_site_name":"Fahrschule Gabi Senn","article_modified_time":"2023-09-25T10:53:48+00:00","twitter_card":"summary_large_image","twitter_misc":{"Est. reading time":"4 minutes"},"schema":{"@context":"https:\/\/schema.org","@graph":[{"@type":"WebPage","@id":"https:\/\/gabisenn.ch\/en\/wab-zweiphasenausbildung-2\/","url":"https:\/\/gabisenn.ch\/en\/wab-zweiphasenausbildung-2\/","name":"WAB \/ Zweiphasenausbildung - Fahrschule Gabi Senn","isPartOf":{"@id":"https:\/\/gabisenn.ch\/#website"},"datePublished":"2012-11-28T21:25:12+00:00","dateModified":"2023-09-25T10:53:48+00:00","description":"Car driving school, Gabi Senn, Dietikon, Schlieren, Z\u00fcrich West, Altstetten, Glanzenberg, Urdorf","breadcrumb":{"@id":"https:\/\/gabisenn.ch\/en\/wab-zweiphasenausbildung-2\/#breadcrumb"},"inLanguage":"en-US","potentialAction":[{"@type":"ReadAction","target":["https:\/\/gabisenn.ch\/en\/wab-zweiphasenausbildung-2\/"]}]},{"@type":"BreadcrumbList","@id":"https:\/\/gabisenn.ch\/en\/wab-zweiphasenausbildung-2\/#breadcrumb","itemListElement":[{"@type":"ListItem","position":1,"name":"Home","item":"https:\/\/gabisenn.ch\/en\/driving-school-gabi-senn\/"},{"@type":"ListItem","position":2,"name":"WAB \/ Zweiphasenausbildung"}]},{"@type":"WebSite","@id":"https:\/\/gabisenn.ch\/#website","url":"https:\/\/gabisenn.ch\/","name":"Fahrschule Gabi Senn","description":"Dietikon, Schlieren, Spreitenbach, Urdorf, Albisrieden, Altstetten, Z\u00fcrich","publisher":{"@id":"https:\/\/gabisenn.ch\/#organization"},"potentialAction":[{"@type":"SearchAction","target":{"@type":"EntryPoint","urlTemplate":"https:\/\/gabisenn.ch\/?s={search_term_string}"},"query-input":{"@type":"PropertyValueSpecification","valueRequired":true,"valueName":"search_term_string"}}],"inLanguage":"en-US"},{"@type":"Organization","@id":"https:\/\/gabisenn.ch\/#organization","name":"Fahrschule Gabi Senn","url":"https:\/\/gabisenn.ch\/","logo":{"@type":"ImageObject","inLanguage":"en-US","@id":"https:\/\/gabisenn.ch\/#\/schema\/logo\/image\/","url":"https:\/\/gabisenn.ch\/wp-content\/uploads\/Logo-Gabi-Senn-2015.png","contentUrl":"https:\/\/gabisenn.ch\/wp-content\/uploads\/Logo-Gabi-Senn-2015.png","width":220,"height":100,"caption":"Fahrschule Gabi Senn"},"image":{"@id":"https:\/\/gabisenn.ch\/#\/schema\/logo\/image\/"}}]}},"_links":{"self":[{"href":"https:\/\/gabisenn.ch\/en\/wp-json\/wp\/v2\/pages\/768","targetHints":{"allow":["GET"]}}],"collection":[{"href":"https:\/\/gabisenn.ch\/en\/wp-json\/wp\/v2\/pages"}],"about":[{"href":"https:\/\/gabisenn.ch\/en\/wp-json\/wp\/v2\/types\/page"}],"author":[{"embeddable":true,"href":"https:\/\/gabisenn.ch\/en\/wp-json\/wp\/v2\/users\/3"}],"replies":[{"embeddable":true,"href":"https:\/\/gabisenn.ch\/en\/wp-json\/wp\/v2\/comments?post=768"}],"version-history":[{"count":8,"href":"https:\/\/gabisenn.ch\/en\/wp-json\/wp\/v2\/pages\/768\/revisions"}],"predecessor-version":[{"id":2771,"href":"https:\/\/gabisenn.ch\/en\/wp-json\/wp\/v2\/pages\/768\/revisions\/2771"}],"wp:attachment":[{"href":"https:\/\/gabisenn.ch\/en\/wp-json\/wp\/v2\/media?parent=768"}],"curies":[{"name":"wp","href":"https:\/\/api.w.org\/{rel}","templated":true}]}}